{"id":91,"date":"2019-07-31T08:49:55","date_gmt":"2019-07-31T08:49:55","guid":{"rendered":"http:\/\/silicio.math.unifi.it\/wordpress\/FIPISI\/?page_id=91"},"modified":"2019-11-19T18:40:28","modified_gmt":"2019-11-19T18:40:28","slug":"secondo-incontro","status":"publish","type":"page","link":"https:\/\/silicio.math.unifi.it\/wordpress\/FIPISI\/secondo-incontro\/","title":{"rendered":"Programma (secondo incontro)"},"content":{"rendered":"<h1>Incontri di Analisi Matematica<br \/>\ntra Firenze, Pisa e Siena<\/h1>\n<h2>MathAnalysis(at)UniFIPISI, II<\/h2>\n<h3>venerd\u00ec 22 novembre 2019<br \/>\nUniversit\u00e0 di Pisa<br \/>\nDipartimento di Matematica<br \/>\naula magna<\/h3>\n<h3>PROGRAMMA<\/h3>\n<p>11:00 a<em>pertura<br \/>\n<\/em><br \/>\n11:10\u00a0 <strong>Giovanni Bellettini<\/strong> (Universit\u00e0 di Siena): <em>Contorni apparenti e ricostruzione di forme tridimensionali<br \/>\n12:10\u00a0<strong>Gabriele Bianchi<\/strong> (Universit\u00e0 di Firenze): Simmetrizzazioni di insiemi convessi e convergenza di loro iterazioni<br \/>\n<\/em><\/p>\n<p><em>13:00 pausa pranzo<\/em><\/p>\n<p><em>15:00\u00a0<strong>Maria Stella Gelli<\/strong> (Universit\u00e0 di Pisa): Approccio variazionale alla dinamica di modelli multifase con vincoli uniformi sulla densit\u00e0 di particelle<br \/>\n<\/em><\/p>\n<p><em>16:00 pausa caff\u00e9<br \/>\n<\/em><\/p>\n<p><em>16:30\u00a0<strong>Andrey Sarychev<\/strong> (Universit\u00e0 di Firenze):<br \/>\nSimultaneous Control of Ensembles of Dynamical Systems<br \/>\n<\/em><\/p>\n<h2><strong>Abstracts<\/strong><\/h2>\n<p><strong>Giovanni Bellettini:\u00a0<\/strong><em>Contorni apparenti e ricostruzione di forme tridimensionali<\/em><\/p>\n<p>Un opportuno modello variazionale su grafi piani permette,<br \/>\nin linea di principio, una prima ricostruzione di forme tridimensionali.<br \/>\nUno studio iniziale di questo modello ha portato a considerare<br \/>\ni contorni apparenti come oggetti essenziali nel processo di<br \/>\nricostruzione. A sua volta, lo studio dei contorni apparenti<br \/>\nconduce a problemi di tipo geometrico e topologico, per superfici<br \/>\nlisce chiuse, non necessariamente connesse, nello spazio euclideo<br \/>\ntridimensionale.<\/p>\n<p><strong>Gabriele Bianchi:\u00a0<\/strong><em>Simmetrizzazioni di insiemi convessi e convergenza di loro iterazioni<br \/>\n<\/em><\/p>\n<p>Presenter\u00f2 dei risultati ottenuti in collaborazione con Richard J. Gardner e Paolo Gronchi.<br \/>\nSi introduce il concetto di i-simmetrizzazione, che fornisce una cornice astratta conveniente per la maggior parte delle simmetrizzazioni sugli insiemi convessi. Si danno nuove espressioni per le simmetrizzazioni di Steiner e Minkowski, che mettono in luce come esista una relazione di dualit\u00e0 fra di loro. Si danno anche delle caratterizzazioni di queste due simmetrizzazioni in termini di alcune loro naturali propriet\u00e0. E&#8217; noto che esistono successioni di sottospazi (H_m) con la propriet\u00e0 che la successione di insiemi convessi costruita iterando una stessa simmetrizzazione rispetto a questi diversi sottospazi (H_i \u00e8 il sottospazio di simmetria della i-ma simmetrizzazione) converge ad una palla, indipendentemente dall&#8217;insieme convesso di partenza scelto. Si dimostra che queste successioni, chiamate universali, hanno delle propriet\u00e0 che giustificano questo nome. Una successione \u00e8 universale per Steiner se e solo se lo \u00e8 per Minkowski, e se e solo se lo \u00e8 per Schwarz.<br \/>\nInoltre, per queste tre simmetrizzazioni, una successione (H_m) \u00e8 universale nella classe degli insiemi convessi se e solo se lo e&#8217; nella classe degli insiemi compatti.<\/p>\n<p><strong>Maria Stella Gelli:\u00a0<\/strong>Approccio variazionale alla dinamica di modelli multifase con vincoli uniformi sulla densit\u00e0 di particelle<\/p>\n<p>Studiamo il comportamento asintotico di sistemi di particelle che si evolvono seguendo una legge di velocit\u00e0 principalmente di tipo convolutivo quando il numero di particelle tende a pi\u00f9 infinito. Imponiamo sul modello un&#8217;ulteriore richiesta di &#8216;separazione forte&#8217; tra particelle assimilate a sfere rigide con raggio infinitesimo quando il numero di particelle diverge (hard spheres model). Questo setting \u00e8 comunemente usato per descrivere fenomeni diversi in campi quali Molecular dynamics, Particle physics, Biology, crowd\/pedestrian flow, defects theory, etcetera. In particolare forniamo due metodi diversi per assicurare l&#8217;esistenza di soluzioni in presenza di vincolo forte di non compenetrazione a seconda della regolarit\u00e0 del campo di velocit\u00e0 assegnato sul sistema. Proviamo quindi la convergenza del sistema discreto di ODEs ad una densit\u00e0 continua di particelle (mean field limit) soddisfacente un&#8217;opportuna equazione di continuit\u00e0 dove il vincolo di separazione si riscrive come stima uniforme sulla densit\u00e0 continua di particelle.<\/p>\n<p><strong>Andrey Sarychev:\u00a0<\/strong><em>Controllo Simultaneo degli Ensembles di Sistemi Dinamici<\/em><\/p>\n<p style=\"text-align: left\">Affrontiamo due questioni correlate: i) la possibilit\u00e0 di controllare gli ensembles (famiglie parametrizzate) di sistemi non-lineari di controllo tramite singolo (ci\u00f2 indipendente dai parametri) controllo; ii) la possibilit\u00e0 di controllare gli ensembles di punti (e.g. curve, superficie etc) tramite un singolo sistema e singolo controllo. Estendiamo l&#8217;approccio Lie-algebrico della teoria geometrica dei controlli alla impostazione infinito-dimensionale e otteniamo i criteri di controllabilit\u00e0 per ensembles.<\/p>\n","protected":false},"excerpt":{"rendered":"<p>Incontri di Analisi Matematica tra Firenze, Pisa e Siena MathAnalysis(at)UniFIPISI, II venerd\u00ec 22 novembre 2019 Universit\u00e0 di Pisa Dipartimento di Matematica aula magna PROGRAMMA 11:00 apertura 11:10\u00a0 Giovanni Bellettini (Universit\u00e0 di Siena): Contorni apparenti e ricostruzione di forme tridimensionali 12:10\u00a0Gabriele Bianchi (Universit\u00e0 di Firenze): Simmetrizzazioni di insiemi convessi e convergenza di loro iterazioni 13:00 pausa &hellip; <\/p>\n<p class=\"link-more\"><a href=\"https:\/\/silicio.math.unifi.it\/wordpress\/FIPISI\/secondo-incontro\/\" class=\"more-link\">Continue reading<span class=\"screen-reader-text\"> &#8220;Programma (secondo incontro)&#8221;<\/span><\/a><\/p>\n","protected":false},"author":10,"featured_media":0,"parent":0,"menu_order":0,"comment_status":"closed","ping_status":"closed","template":"","meta":{"footnotes":""},"class_list":["post-91","page","type-page","status-publish","hentry"],"yoast_head":"<!-- This site is optimized with the Yoast SEO plugin v23.4 - https:\/\/yoast.com\/wordpress\/plugins\/seo\/ -->\n<title>Programma (secondo incontro) - Incontri di Analisi Matematica tra Firenze, Pisa e Siena<\/title>\n<meta name=\"robots\" content=\"index, follow, max-snippet:-1, max-image-preview:large, max-video-preview:-1\" \/>\n<link rel=\"canonical\" href=\"https:\/\/silicio.math.unifi.it\/wordpress\/FIPISI\/secondo-incontro\/\" \/>\n<meta property=\"og:locale\" content=\"en_US\" \/>\n<meta property=\"og:type\" content=\"article\" \/>\n<meta property=\"og:title\" content=\"Programma (secondo incontro) - Incontri di Analisi Matematica tra Firenze, Pisa e Siena\" \/>\n<meta property=\"og:description\" content=\"Incontri di Analisi Matematica tra Firenze, Pisa e Siena MathAnalysis(at)UniFIPISI, II venerd\u00ec 22 novembre 2019 Universit\u00e0 di Pisa Dipartimento di Matematica aula magna PROGRAMMA 11:00 apertura 11:10\u00a0 Giovanni Bellettini (Universit\u00e0 di Siena): Contorni apparenti e ricostruzione di forme tridimensionali 12:10\u00a0Gabriele Bianchi (Universit\u00e0 di Firenze): Simmetrizzazioni di insiemi convessi e convergenza di loro iterazioni 13:00 pausa &hellip; Continue reading &quot;Programma (secondo incontro)&quot;\" \/>\n<meta property=\"og:url\" content=\"https:\/\/silicio.math.unifi.it\/wordpress\/FIPISI\/secondo-incontro\/\" \/>\n<meta property=\"og:site_name\" content=\"Incontri di Analisi Matematica tra Firenze, Pisa e Siena\" \/>\n<meta property=\"article:modified_time\" content=\"2019-11-19T18:40:28+00:00\" \/>\n<meta name=\"twitter:card\" content=\"summary_large_image\" \/>\n<meta name=\"twitter:label1\" content=\"Est. reading time\" \/>\n\t<meta name=\"twitter:data1\" content=\"3 minutes\" \/>\n<script type=\"application\/ld+json\" class=\"yoast-schema-graph\">{\"@context\":\"https:\/\/schema.org\",\"@graph\":[{\"@type\":\"WebPage\",\"@id\":\"https:\/\/silicio.math.unifi.it\/wordpress\/FIPISI\/secondo-incontro\/\",\"url\":\"https:\/\/silicio.math.unifi.it\/wordpress\/FIPISI\/secondo-incontro\/\",\"name\":\"Programma (secondo incontro) - Incontri di Analisi Matematica tra Firenze, Pisa e Siena\",\"isPartOf\":{\"@id\":\"https:\/\/silicio.math.unifi.it\/wordpress\/FIPISI\/#website\"},\"datePublished\":\"2019-07-31T08:49:55+00:00\",\"dateModified\":\"2019-11-19T18:40:28+00:00\",\"breadcrumb\":{\"@id\":\"https:\/\/silicio.math.unifi.it\/wordpress\/FIPISI\/secondo-incontro\/#breadcrumb\"},\"inLanguage\":\"en-US\",\"potentialAction\":[{\"@type\":\"ReadAction\",\"target\":[\"https:\/\/silicio.math.unifi.it\/wordpress\/FIPISI\/secondo-incontro\/\"]}]},{\"@type\":\"BreadcrumbList\",\"@id\":\"https:\/\/silicio.math.unifi.it\/wordpress\/FIPISI\/secondo-incontro\/#breadcrumb\",\"itemListElement\":[{\"@type\":\"ListItem\",\"position\":1,\"name\":\"Home\",\"item\":\"https:\/\/silicio.math.unifi.it\/wordpress\/FIPISI\/\"},{\"@type\":\"ListItem\",\"position\":2,\"name\":\"Programma (secondo incontro)\"}]},{\"@type\":\"WebSite\",\"@id\":\"https:\/\/silicio.math.unifi.it\/wordpress\/FIPISI\/#website\",\"url\":\"https:\/\/silicio.math.unifi.it\/wordpress\/FIPISI\/\",\"name\":\"Incontri di Analisi Matematica tra Firenze, Pisa e Siena\",\"description\":\"\",\"potentialAction\":[{\"@type\":\"SearchAction\",\"target\":{\"@type\":\"EntryPoint\",\"urlTemplate\":\"https:\/\/silicio.math.unifi.it\/wordpress\/FIPISI\/?s={search_term_string}\"},\"query-input\":{\"@type\":\"PropertyValueSpecification\",\"valueRequired\":true,\"valueName\":\"search_term_string\"}}],\"inLanguage\":\"en-US\"}]}<\/script>\n<!-- \/ Yoast SEO plugin. -->","yoast_head_json":{"title":"Programma (secondo incontro) - Incontri di Analisi Matematica tra Firenze, Pisa e Siena","robots":{"index":"index","follow":"follow","max-snippet":"max-snippet:-1","max-image-preview":"max-image-preview:large","max-video-preview":"max-video-preview:-1"},"canonical":"https:\/\/silicio.math.unifi.it\/wordpress\/FIPISI\/secondo-incontro\/","og_locale":"en_US","og_type":"article","og_title":"Programma (secondo incontro) - Incontri di Analisi Matematica tra Firenze, Pisa e Siena","og_description":"Incontri di Analisi Matematica tra Firenze, Pisa e Siena MathAnalysis(at)UniFIPISI, II venerd\u00ec 22 novembre 2019 Universit\u00e0 di Pisa Dipartimento di Matematica aula magna PROGRAMMA 11:00 apertura 11:10\u00a0 Giovanni Bellettini (Universit\u00e0 di Siena): Contorni apparenti e ricostruzione di forme tridimensionali 12:10\u00a0Gabriele Bianchi (Universit\u00e0 di Firenze): Simmetrizzazioni di insiemi convessi e convergenza di loro iterazioni 13:00 pausa &hellip; Continue reading \"Programma (secondo incontro)\"","og_url":"https:\/\/silicio.math.unifi.it\/wordpress\/FIPISI\/secondo-incontro\/","og_site_name":"Incontri di Analisi Matematica tra Firenze, Pisa e Siena","article_modified_time":"2019-11-19T18:40:28+00:00","twitter_card":"summary_large_image","twitter_misc":{"Est. reading time":"3 minutes"},"schema":{"@context":"https:\/\/schema.org","@graph":[{"@type":"WebPage","@id":"https:\/\/silicio.math.unifi.it\/wordpress\/FIPISI\/secondo-incontro\/","url":"https:\/\/silicio.math.unifi.it\/wordpress\/FIPISI\/secondo-incontro\/","name":"Programma (secondo incontro) - Incontri di Analisi Matematica tra Firenze, Pisa e Siena","isPartOf":{"@id":"https:\/\/silicio.math.unifi.it\/wordpress\/FIPISI\/#website"},"datePublished":"2019-07-31T08:49:55+00:00","dateModified":"2019-11-19T18:40:28+00:00","breadcrumb":{"@id":"https:\/\/silicio.math.unifi.it\/wordpress\/FIPISI\/secondo-incontro\/#breadcrumb"},"inLanguage":"en-US","potentialAction":[{"@type":"ReadAction","target":["https:\/\/silicio.math.unifi.it\/wordpress\/FIPISI\/secondo-incontro\/"]}]},{"@type":"BreadcrumbList","@id":"https:\/\/silicio.math.unifi.it\/wordpress\/FIPISI\/secondo-incontro\/#breadcrumb","itemListElement":[{"@type":"ListItem","position":1,"name":"Home","item":"https:\/\/silicio.math.unifi.it\/wordpress\/FIPISI\/"},{"@type":"ListItem","position":2,"name":"Programma (secondo incontro)"}]},{"@type":"WebSite","@id":"https:\/\/silicio.math.unifi.it\/wordpress\/FIPISI\/#website","url":"https:\/\/silicio.math.unifi.it\/wordpress\/FIPISI\/","name":"Incontri di Analisi Matematica tra Firenze, Pisa e Siena","description":"","potentialAction":[{"@type":"SearchAction","target":{"@type":"EntryPoint","urlTemplate":"https:\/\/silicio.math.unifi.it\/wordpress\/FIPISI\/?s={search_term_string}"},"query-input":{"@type":"PropertyValueSpecification","valueRequired":true,"valueName":"search_term_string"}}],"inLanguage":"en-US"}]}},"_links":{"self":[{"href":"https:\/\/silicio.math.unifi.it\/wordpress\/FIPISI\/wp-json\/wp\/v2\/pages\/91"}],"collection":[{"href":"https:\/\/silicio.math.unifi.it\/wordpress\/FIPISI\/wp-json\/wp\/v2\/pages"}],"about":[{"href":"https:\/\/silicio.math.unifi.it\/wordpress\/FIPISI\/wp-json\/wp\/v2\/types\/page"}],"author":[{"embeddable":true,"href":"https:\/\/silicio.math.unifi.it\/wordpress\/FIPISI\/wp-json\/wp\/v2\/users\/10"}],"replies":[{"embeddable":true,"href":"https:\/\/silicio.math.unifi.it\/wordpress\/FIPISI\/wp-json\/wp\/v2\/comments?post=91"}],"version-history":[{"count":17,"href":"https:\/\/silicio.math.unifi.it\/wordpress\/FIPISI\/wp-json\/wp\/v2\/pages\/91\/revisions"}],"predecessor-version":[{"id":97,"href":"https:\/\/silicio.math.unifi.it\/wordpress\/FIPISI\/wp-json\/wp\/v2\/pages\/91\/revisions\/97"}],"wp:attachment":[{"href":"https:\/\/silicio.math.unifi.it\/wordpress\/FIPISI\/wp-json\/wp\/v2\/media?parent=91"}],"curies":[{"name":"wp","href":"https:\/\/api.w.org\/{rel}","templated":true}]}}