{"id":34,"date":"2019-05-07T09:35:14","date_gmt":"2019-05-07T09:35:14","guid":{"rendered":"http:\/\/silicio.math.unifi.it\/wordpress\/FIPISI\/?page_id=34"},"modified":"2019-11-05T13:31:21","modified_gmt":"2019-11-05T13:31:21","slug":"partecipanti","status":"publish","type":"page","link":"https:\/\/silicio.math.unifi.it\/wordpress\/FIPISI\/partecipanti\/","title":{"rendered":"Partecipanti (primo incontro)"},"content":{"rendered":"<p><!--td {border: 1px solid #ccc;}br {mso-data-placement:same-cell;}--><\/p>\n<p><!--td {border: 1px solid #ccc;}br {mso-data-placement:same-cell;}--><\/p>\n<h2>Primo incontro<\/h2>\n<p><!--td {border: 1px solid #ccc;}br {mso-data-placement:same-cell;}--><\/p>\n<p><!--td {border: 1px solid #ccc;}br {mso-data-placement:same-cell;}--><\/p>\n<p><!--td {border: 1px solid #ccc;}br {mso-data-placement:same-cell;}--><\/p>\n<p><!--td {border: 1px solid #ccc;}br {mso-data-placement:same-cell;}--><\/p>\n<table dir=\"ltr\" border=\"1\" cellspacing=\"0\" cellpadding=\"0\">\n<colgroup>\n<col width=\"150\" \/>\n<col width=\"150\" \/>\n<col width=\"150\" \/><\/colgroup>\n<tbody>\n<tr>\n<td>Acquistapace<\/td>\n<td>Paolo<\/td>\n<td>Universit\u00e0 di Pisa<\/td>\n<\/tr>\n<tr>\n<td>Angella<\/td>\n<td>Daniele<\/td>\n<td>Universit\u00e0 di Firenze<\/td>\n<\/tr>\n<tr>\n<td>Baldelli<\/td>\n<td>Laura<\/td>\n<td>Universit\u00e0 di Firenze<\/td>\n<\/tr>\n<tr>\n<td>Bellettini<\/td>\n<td>Giovanni<\/td>\n<td>Universit\u00e0 di Siena<\/td>\n<\/tr>\n<tr>\n<td>Bet<\/td>\n<td>Gianmarco<\/td>\n<td>Universit\u00e0 di Firenze<\/td>\n<\/tr>\n<tr>\n<td>Bianchi<\/td>\n<td>Gabriele<\/td>\n<td>Universit\u00e0 di Firenze<\/td>\n<\/tr>\n<tr>\n<td>Bianchini<\/td>\n<td>Chiara<\/td>\n<td>Universit\u00e0 di Firenze<\/td>\n<\/tr>\n<tr>\n<td>Bucci<\/td>\n<td>Francesca<\/td>\n<td>Universit\u00e0 di Firenze<\/td>\n<\/tr>\n<tr>\n<td>Chiodaroli<\/td>\n<td>Elisabetta<\/td>\n<td>Universit\u00e0 di Pisa<\/td>\n<\/tr>\n<tr>\n<td>Chittaro<\/td>\n<td>Francesca<\/td>\n<td>Universit\u00e9 de Toulon<\/td>\n<\/tr>\n<tr>\n<td>Ciani<\/td>\n<td>Simone<\/td>\n<td>Universit\u00e0 di Firenze<\/td>\n<\/tr>\n<tr>\n<td>Colesanti<\/td>\n<td>Andrea<\/td>\n<td>Universit\u00e0 di Firenze<\/td>\n<\/tr>\n<tr>\n<td>De Pascale<\/td>\n<td>Luigi<\/td>\n<td>Universit\u00e0 di Firenze<\/td>\n<\/tr>\n<tr>\n<td>Degli Esposti<\/td>\n<td>Bruno<\/td>\n<td>Universit\u00e0 di Firenze<\/td>\n<\/tr>\n<tr>\n<td>Elshorbagy<\/td>\n<td>Alaa<\/td>\n<td>SISSA and ICTP, Trieste<\/td>\n<\/tr>\n<tr>\n<td>Fabbri<\/td>\n<td>Roberta<\/td>\n<td>Universit\u00e0 di Firenze<\/td>\n<\/tr>\n<tr>\n<td>Focardi<\/td>\n<td>Matteo<\/td>\n<td>Universit\u00e0 di Firenze<\/td>\n<\/tr>\n<tr>\n<td>Fortuna<\/td>\n<td>Martino<\/td>\n<td>Universit\u00e0 di Pisa<\/td>\n<\/tr>\n<tr>\n<td>Franca<\/td>\n<td>Matteo<\/td>\n<td>Universit\u00e0 Politecnica delle Marche<\/td>\n<\/tr>\n<tr>\n<td>Francini<\/td>\n<td>Elisa<\/td>\n<td>Universit\u00e0 di Firenze<\/td>\n<\/tr>\n<tr>\n<td>Franzina<\/td>\n<td>Giovanni<\/td>\n<td>INdAM<\/td>\n<\/tr>\n<tr>\n<td>Freguglia<\/td>\n<td>Mattia<\/td>\n<td>Universit\u00e0 di Pisa<\/td>\n<\/tr>\n<tr>\n<td>Furi<\/td>\n<td>Massimo<\/td>\n<td>Universit\u00e0 di Firenze<\/td>\n<\/tr>\n<tr>\n<td>Furi<\/td>\n<td>Massimo<\/td>\n<td>Universit\u00e0 di Firenze<\/td>\n<\/tr>\n<tr>\n<td>Ghisi<\/td>\n<td>Marina<\/td>\n<td>Universit\u00e0 di Pisa<\/td>\n<\/tr>\n<tr>\n<td>Gianni<\/td>\n<td>Roberto<\/td>\n<td>Universit\u00e0 di Firenze<\/td>\n<\/tr>\n<tr>\n<td>Grasselli<\/td>\n<td>Viviana<\/td>\n<td>Universit\u00e0 di Pisa<\/td>\n<\/tr>\n<tr>\n<td>Lazzaroni<\/td>\n<td>Giuliano<\/td>\n<td>Universit\u00e0 di Firenze<\/td>\n<\/tr>\n<tr>\n<td>Lombardi<\/td>\n<td>Nico<\/td>\n<td>Universit\u00e0 di Firenze<\/td>\n<\/tr>\n<tr>\n<td>Magnanini<\/td>\n<td>Rolando<\/td>\n<td>Universit\u00e0 di Firenze<\/td>\n<\/tr>\n<tr>\n<td>Mascolo<\/td>\n<td>Elvira<\/td>\n<td>Universit\u00e0 di Firenze<\/td>\n<\/tr>\n<tr>\n<td>Matucci<\/td>\n<td>Serena<\/td>\n<td>Universit\u00e0 di Firenze<\/td>\n<\/tr>\n<tr>\n<td>Nardi<\/td>\n<td>Francesca Romana<\/td>\n<td>Universit\u00e0 di Firenze<\/td>\n<\/tr>\n<tr>\n<td>Ottaviano<\/td>\n<td>Giulio<\/td>\n<td>Universit\u00e0 di Firenze<\/td>\n<\/tr>\n<tr>\n<td>Pagliari<\/td>\n<td>Valerio<\/td>\n<td>Universit\u00e0 di Pisa<\/td>\n<\/tr>\n<tr>\n<td>Pagnini<\/td>\n<td>Daniele<\/td>\n<td>Universit\u00e0 di Firenze<\/td>\n<\/tr>\n<tr>\n<td>Paolini<\/td>\n<td>Emanuele<\/td>\n<td>Universit\u00e0 di Pisa<\/td>\n<\/tr>\n<tr>\n<td>Pera<\/td>\n<td>M. Patrizia<\/td>\n<td>Universit\u00e0 di Firenze<\/td>\n<\/tr>\n<tr>\n<td>Pluda<\/td>\n<td>Alessandra<\/td>\n<td>Universit\u00e0 di Pisa<\/td>\n<\/tr>\n<tr>\n<td>Poggiolini<\/td>\n<td>Laura<\/td>\n<td>Universit\u00e0 di Firenze<\/td>\n<\/tr>\n<tr>\n<td>Proietti Lippi<\/td>\n<td>Edoardo<\/td>\n<td>Universit\u00e0 di Firenze<\/td>\n<\/tr>\n<tr>\n<td>Salani<\/td>\n<td>Paolo<\/td>\n<td>Universit\u00e0 di Firenze<\/td>\n<\/tr>\n<tr>\n<td>Sarychev<\/td>\n<td>Andrey<\/td>\n<td>Universit\u00e0 di Firenze<\/td>\n<\/tr>\n<tr>\n<td>Stefani<\/td>\n<td>Gianna<\/td>\n<td>Universit\u00e0 di Firenze<\/td>\n<\/tr>\n<tr>\n<td>Vessella<\/td>\n<td>Sergio<\/td>\n<td>Universit\u00e0 di Firenze<\/td>\n<\/tr>\n<tr>\n<td>Vezzosi<\/td>\n<td>Gabriele<\/td>\n<td>Universit\u00e0 di Firenze<\/td>\n<\/tr>\n<tr>\n<td>Visciglia<\/td>\n<td>Nicola<\/td>\n<td>Universit\u00e0 di Pisa<\/td>\n<\/tr>\n<\/tbody>\n<\/table>\n<p>&nbsp;<\/p>\n<p><!--td {border: 1px solid #ccc;}br {mso-data-placement:same-cell;}--><\/p>\n<p><!--td {border: 1px solid #ccc;}br {mso-data-placement:same-cell;}--><\/p>\n","protected":false},"excerpt":{"rendered":"<p>Primo incontro Acquistapace Paolo Universit\u00e0 di Pisa Angella Daniele Universit\u00e0 di Firenze Baldelli Laura Universit\u00e0 di Firenze Bellettini Giovanni Universit\u00e0 di Siena Bet Gianmarco Universit\u00e0 di Firenze Bianchi Gabriele Universit\u00e0 di Firenze Bianchini Chiara Universit\u00e0 di Firenze Bucci Francesca Universit\u00e0 di Firenze Chiodaroli Elisabetta Universit\u00e0 di Pisa Chittaro Francesca Universit\u00e9 de Toulon Ciani Simone Universit\u00e0 &hellip; <\/p>\n<p class=\"link-more\"><a href=\"https:\/\/silicio.math.unifi.it\/wordpress\/FIPISI\/partecipanti\/\" class=\"more-link\">Continue reading<span class=\"screen-reader-text\"> &#8220;Partecipanti (primo incontro)&#8221;<\/span><\/a><\/p>\n","protected":false},"author":10,"featured_media":0,"parent":0,"menu_order":0,"comment_status":"closed","ping_status":"closed","template":"","meta":{"footnotes":""},"class_list":["post-34","page","type-page","status-publish","hentry"],"yoast_head":"<!-- This site is optimized with the Yoast SEO plugin v23.4 - https:\/\/yoast.com\/wordpress\/plugins\/seo\/ -->\n<title>Partecipanti (primo incontro) - Incontri di Analisi Matematica tra Firenze, Pisa e Siena<\/title>\n<meta name=\"robots\" content=\"index, follow, max-snippet:-1, max-image-preview:large, max-video-preview:-1\" \/>\n<link rel=\"canonical\" href=\"https:\/\/silicio.math.unifi.it\/wordpress\/FIPISI\/partecipanti\/\" \/>\n<meta property=\"og:locale\" content=\"en_US\" \/>\n<meta property=\"og:type\" content=\"article\" \/>\n<meta property=\"og:title\" content=\"Partecipanti (primo incontro) - Incontri di Analisi Matematica tra Firenze, Pisa e Siena\" \/>\n<meta property=\"og:description\" content=\"Primo incontro Acquistapace Paolo Universit\u00e0 di Pisa Angella Daniele Universit\u00e0 di Firenze Baldelli Laura Universit\u00e0 di Firenze Bellettini Giovanni Universit\u00e0 di Siena Bet Gianmarco Universit\u00e0 di Firenze Bianchi Gabriele Universit\u00e0 di Firenze Bianchini Chiara Universit\u00e0 di Firenze Bucci Francesca Universit\u00e0 di Firenze Chiodaroli Elisabetta Universit\u00e0 di Pisa Chittaro Francesca Universit\u00e9 de Toulon Ciani Simone Universit\u00e0 &hellip; Continue reading &quot;Partecipanti (primo incontro)&quot;\" \/>\n<meta property=\"og:url\" content=\"https:\/\/silicio.math.unifi.it\/wordpress\/FIPISI\/partecipanti\/\" \/>\n<meta property=\"og:site_name\" content=\"Incontri di Analisi Matematica tra Firenze, Pisa e Siena\" \/>\n<meta property=\"article:modified_time\" content=\"2019-11-05T13:31:21+00:00\" \/>\n<meta name=\"twitter:card\" content=\"summary_large_image\" \/>\n<meta name=\"twitter:label1\" content=\"Est. reading time\" \/>\n\t<meta name=\"twitter:data1\" content=\"1 minute\" \/>\n<script type=\"application\/ld+json\" class=\"yoast-schema-graph\">{\"@context\":\"https:\/\/schema.org\",\"@graph\":[{\"@type\":\"WebPage\",\"@id\":\"https:\/\/silicio.math.unifi.it\/wordpress\/FIPISI\/partecipanti\/\",\"url\":\"https:\/\/silicio.math.unifi.it\/wordpress\/FIPISI\/partecipanti\/\",\"name\":\"Partecipanti (primo incontro) - Incontri di Analisi Matematica tra Firenze, Pisa e Siena\",\"isPartOf\":{\"@id\":\"https:\/\/silicio.math.unifi.it\/wordpress\/FIPISI\/#website\"},\"datePublished\":\"2019-05-07T09:35:14+00:00\",\"dateModified\":\"2019-11-05T13:31:21+00:00\",\"breadcrumb\":{\"@id\":\"https:\/\/silicio.math.unifi.it\/wordpress\/FIPISI\/partecipanti\/#breadcrumb\"},\"inLanguage\":\"en-US\",\"potentialAction\":[{\"@type\":\"ReadAction\",\"target\":[\"https:\/\/silicio.math.unifi.it\/wordpress\/FIPISI\/partecipanti\/\"]}]},{\"@type\":\"BreadcrumbList\",\"@id\":\"https:\/\/silicio.math.unifi.it\/wordpress\/FIPISI\/partecipanti\/#breadcrumb\",\"itemListElement\":[{\"@type\":\"ListItem\",\"position\":1,\"name\":\"Home\",\"item\":\"https:\/\/silicio.math.unifi.it\/wordpress\/FIPISI\/\"},{\"@type\":\"ListItem\",\"position\":2,\"name\":\"Partecipanti (primo incontro)\"}]},{\"@type\":\"WebSite\",\"@id\":\"https:\/\/silicio.math.unifi.it\/wordpress\/FIPISI\/#website\",\"url\":\"https:\/\/silicio.math.unifi.it\/wordpress\/FIPISI\/\",\"name\":\"Incontri di Analisi Matematica tra Firenze, Pisa e Siena\",\"description\":\"\",\"potentialAction\":[{\"@type\":\"SearchAction\",\"target\":{\"@type\":\"EntryPoint\",\"urlTemplate\":\"https:\/\/silicio.math.unifi.it\/wordpress\/FIPISI\/?s={search_term_string}\"},\"query-input\":{\"@type\":\"PropertyValueSpecification\",\"valueRequired\":true,\"valueName\":\"search_term_string\"}}],\"inLanguage\":\"en-US\"}]}<\/script>\n<!-- \/ Yoast SEO plugin. -->","yoast_head_json":{"title":"Partecipanti (primo incontro) - Incontri di Analisi Matematica tra Firenze, Pisa e Siena","robots":{"index":"index","follow":"follow","max-snippet":"max-snippet:-1","max-image-preview":"max-image-preview:large","max-video-preview":"max-video-preview:-1"},"canonical":"https:\/\/silicio.math.unifi.it\/wordpress\/FIPISI\/partecipanti\/","og_locale":"en_US","og_type":"article","og_title":"Partecipanti (primo incontro) - Incontri di Analisi Matematica tra Firenze, Pisa e Siena","og_description":"Primo incontro Acquistapace Paolo Universit\u00e0 di Pisa Angella Daniele Universit\u00e0 di Firenze Baldelli Laura Universit\u00e0 di Firenze Bellettini Giovanni Universit\u00e0 di Siena Bet Gianmarco Universit\u00e0 di Firenze Bianchi Gabriele Universit\u00e0 di Firenze Bianchini Chiara Universit\u00e0 di Firenze Bucci Francesca Universit\u00e0 di Firenze Chiodaroli Elisabetta Universit\u00e0 di Pisa Chittaro Francesca Universit\u00e9 de Toulon Ciani Simone Universit\u00e0 &hellip; Continue reading \"Partecipanti (primo incontro)\"","og_url":"https:\/\/silicio.math.unifi.it\/wordpress\/FIPISI\/partecipanti\/","og_site_name":"Incontri di Analisi Matematica tra Firenze, Pisa e Siena","article_modified_time":"2019-11-05T13:31:21+00:00","twitter_card":"summary_large_image","twitter_misc":{"Est. reading time":"1 minute"},"schema":{"@context":"https:\/\/schema.org","@graph":[{"@type":"WebPage","@id":"https:\/\/silicio.math.unifi.it\/wordpress\/FIPISI\/partecipanti\/","url":"https:\/\/silicio.math.unifi.it\/wordpress\/FIPISI\/partecipanti\/","name":"Partecipanti (primo incontro) - Incontri di Analisi Matematica tra Firenze, Pisa e Siena","isPartOf":{"@id":"https:\/\/silicio.math.unifi.it\/wordpress\/FIPISI\/#website"},"datePublished":"2019-05-07T09:35:14+00:00","dateModified":"2019-11-05T13:31:21+00:00","breadcrumb":{"@id":"https:\/\/silicio.math.unifi.it\/wordpress\/FIPISI\/partecipanti\/#breadcrumb"},"inLanguage":"en-US","potentialAction":[{"@type":"ReadAction","target":["https:\/\/silicio.math.unifi.it\/wordpress\/FIPISI\/partecipanti\/"]}]},{"@type":"BreadcrumbList","@id":"https:\/\/silicio.math.unifi.it\/wordpress\/FIPISI\/partecipanti\/#breadcrumb","itemListElement":[{"@type":"ListItem","position":1,"name":"Home","item":"https:\/\/silicio.math.unifi.it\/wordpress\/FIPISI\/"},{"@type":"ListItem","position":2,"name":"Partecipanti (primo incontro)"}]},{"@type":"WebSite","@id":"https:\/\/silicio.math.unifi.it\/wordpress\/FIPISI\/#website","url":"https:\/\/silicio.math.unifi.it\/wordpress\/FIPISI\/","name":"Incontri di Analisi Matematica tra Firenze, Pisa e Siena","description":"","potentialAction":[{"@type":"SearchAction","target":{"@type":"EntryPoint","urlTemplate":"https:\/\/silicio.math.unifi.it\/wordpress\/FIPISI\/?s={search_term_string}"},"query-input":{"@type":"PropertyValueSpecification","valueRequired":true,"valueName":"search_term_string"}}],"inLanguage":"en-US"}]}},"_links":{"self":[{"href":"https:\/\/silicio.math.unifi.it\/wordpress\/FIPISI\/wp-json\/wp\/v2\/pages\/34"}],"collection":[{"href":"https:\/\/silicio.math.unifi.it\/wordpress\/FIPISI\/wp-json\/wp\/v2\/pages"}],"about":[{"href":"https:\/\/silicio.math.unifi.it\/wordpress\/FIPISI\/wp-json\/wp\/v2\/types\/page"}],"author":[{"embeddable":true,"href":"https:\/\/silicio.math.unifi.it\/wordpress\/FIPISI\/wp-json\/wp\/v2\/users\/10"}],"replies":[{"embeddable":true,"href":"https:\/\/silicio.math.unifi.it\/wordpress\/FIPISI\/wp-json\/wp\/v2\/comments?post=34"}],"version-history":[{"count":10,"href":"https:\/\/silicio.math.unifi.it\/wordpress\/FIPISI\/wp-json\/wp\/v2\/pages\/34\/revisions"}],"predecessor-version":[{"id":114,"href":"https:\/\/silicio.math.unifi.it\/wordpress\/FIPISI\/wp-json\/wp\/v2\/pages\/34\/revisions\/114"}],"wp:attachment":[{"href":"https:\/\/silicio.math.unifi.it\/wordpress\/FIPISI\/wp-json\/wp\/v2\/media?parent=34"}],"curies":[{"name":"wp","href":"https:\/\/api.w.org\/{rel}","templated":true}]}}